{"id":36,"date":"2023-08-06T18:10:47","date_gmt":"2023-08-06T18:10:47","guid":{"rendered":"https:\/\/vikings-freiburg.de\/?page_id=36"},"modified":"2024-10-28T19:55:55","modified_gmt":"2024-10-28T19:55:55","slug":"verein","status":"publish","type":"page","link":"https:\/\/vikings-freiburg.de\/en\/verein\/","title":{"rendered":"Verein &amp; Sportangabot"},"content":{"rendered":"<div data-elementor-type=\"wp-page\" data-elementor-id=\"36\" class=\"elementor elementor-36\">\n\t\t\t\t<div class=\"elementor-element elementor-element-b07ebbe e-flex e-con-boxed e-con e-parent\" data-id=\"b07ebbe\" data-element_type=\"container\">\n\t\t\t\t\t<div class=\"e-con-inner\">\n\t\t\t\t<div class=\"elementor-element elementor-element-c642a0b elementor-widget elementor-widget-heading\" data-id=\"c642a0b\" data-element_type=\"widget\" data-widget_type=\"heading.default\">\n\t\t\t\t<div class=\"elementor-widget-container\">\n\t\t\t<h2 class=\"elementor-heading-title elementor-size-default\">Club<\/h2>\t\t<\/div>\n\t\t\t\t<\/div>\n\t\t\t\t\t<\/div>\n\t\t\t\t<\/div>\n\t\t<div class=\"elementor-element elementor-element-2bcd953 e-flex e-con-boxed e-con e-parent\" data-id=\"2bcd953\" data-element_type=\"container\" data-settings=\"{&quot;background_background&quot;:&quot;classic&quot;}\">\n\t\t\t\t\t<div class=\"e-con-inner\">\n\t\t<div class=\"elementor-element elementor-element-3a79ff0 e-con-full e-flex e-con e-child\" data-id=\"3a79ff0\" data-element_type=\"container\">\n\t\t\t\t<div class=\"elementor-element elementor-element-cb3df02 elementor-widget__width-initial animated-slow elementor-widget elementor-widget-image\" data-id=\"cb3df02\" data-element_type=\"widget\" data-settings=\"{&quot;_animation&quot;:&quot;none&quot;,&quot;_animation_delay&quot;:0.5}\" data-widget_type=\"image.default\">\n\t\t\t\t<div class=\"elementor-widget-container\">\n\t\t\t\t\t\t\t\t\t\t\t\t\t<img fetchpriority=\"high\" decoding=\"async\" width=\"267\" height=\"300\" src=\"https:\/\/vikings-freiburg.de\/wp-content\/uploads\/2023\/08\/shield-33957_1280-267x300.png\" class=\"attachment-medium size-medium wp-image-20\" alt=\"\" srcset=\"https:\/\/vikings-freiburg.de\/wp-content\/uploads\/2023\/08\/shield-33957_1280-267x300.png 267w, https:\/\/vikings-freiburg.de\/wp-content\/uploads\/2023\/08\/shield-33957_1280-912x1024.png 912w, https:\/\/vikings-freiburg.de\/wp-content\/uploads\/2023\/08\/shield-33957_1280-768x862.png 768w, https:\/\/vikings-freiburg.de\/wp-content\/uploads\/2023\/08\/shield-33957_1280.png 1140w\" sizes=\"(max-width: 267px) 100vw, 267px\" \/>\t\t\t\t\t\t\t\t\t\t\t\t\t<\/div>\n\t\t\t\t<\/div>\n\t\t\t\t<\/div>\n\t\t\t\t<div class=\"elementor-element elementor-element-2d49859 elementor-widget__width-initial elementor-widget elementor-widget-spacer\" data-id=\"2d49859\" data-element_type=\"widget\" data-widget_type=\"spacer.default\">\n\t\t\t\t<div class=\"elementor-widget-container\">\n\t\t\t\t\t<div class=\"elementor-spacer\">\n\t\t\t<div class=\"elementor-spacer-inner\"><\/div>\n\t\t<\/div>\n\t\t\t\t<\/div>\n\t\t\t\t<\/div>\n\t\t\t\t<div class=\"elementor-element elementor-element-9f184d3 elementor-widget__width-initial elementor-widget elementor-widget-text-editor\" data-id=\"9f184d3\" data-element_type=\"widget\" data-widget_type=\"text-editor.default\">\n\t\t\t\t<div class=\"elementor-widget-container\">\n\t\t\t\t\t\t\t<h6><span style=\"color: #333333;\"><strong>The \u201cVikings Freiburg\u201d ice hockey team was founded in 1981 as part of the university sports program at the Albert-Ludwigs-Universit\u00e4t Freiburg i.Br. The \u201cVikings\u201d were therefore the oldest university ice hockey team in Germany.<\/strong><\/span><\/h6><h6><span style=\"color: #333333;\"><strong>The \u201cVikings\u201d have been a registered association since 2015 and have been called Vikings Freiburg e.V. ever since.<\/strong><\/span><\/h6><h6><span style=\"color: #333333;\"><strong>There is still a cooperation with the University of Freiburg's university sports department. In the more than 40-year history of the Vikings, around 400 students have played ice hockey for the Vikings.<\/strong><\/span><\/h6>\t\t\t\t\t\t<\/div>\n\t\t\t\t<\/div>\n\t\t\t\t\t<\/div>\n\t\t\t\t<\/div>\n\t\t<div class=\"elementor-element elementor-element-5fb84eb e-flex e-con-boxed e-con e-parent\" data-id=\"5fb84eb\" data-element_type=\"container\">\n\t\t\t\t\t<div class=\"e-con-inner\">\n\t\t\t\t<div class=\"elementor-element elementor-element-f6edbf1 elementor-widget-divider--view-line elementor-widget elementor-widget-divider\" data-id=\"f6edbf1\" data-element_type=\"widget\" data-widget_type=\"divider.default\">\n\t\t\t\t<div class=\"elementor-widget-container\">\n\t\t\t\t\t<div class=\"elementor-divider\">\n\t\t\t<span class=\"elementor-divider-separator\">\n\t\t\t\t\t\t<\/span>\n\t\t<\/div>\n\t\t\t\t<\/div>\n\t\t\t\t<\/div>\n\t\t\t\t<div class=\"elementor-element elementor-element-117ea64 elementor-widget elementor-widget-heading\" data-id=\"117ea64\" data-element_type=\"widget\" data-widget_type=\"heading.default\">\n\t\t\t\t<div class=\"elementor-widget-container\">\n\t\t\t<h2 class=\"elementor-heading-title elementor-size-default\">Sport Program<\/h2>\t\t<\/div>\n\t\t\t\t<\/div>\n\t\t<div class=\"elementor-element elementor-element-dcda9fe e-con-full e-flex e-con e-child\" data-id=\"dcda9fe\" data-element_type=\"container\" data-settings=\"{&quot;background_background&quot;:&quot;classic&quot;}\">\n\t\t\t\t<div class=\"elementor-element elementor-element-f1ee366 elementor-widget elementor-widget-text-editor\" data-id=\"f1ee366\" data-element_type=\"widget\" data-widget_type=\"text-editor.default\">\n\t\t\t\t<div class=\"elementor-widget-container\">\n\t\t\t\t\t\t\t<h6><span lang=\"DE-DE\" style=\"color: #333333;\">The season runs from September to April and training takes place in the west of Freiburg in the Echte Helden Areana. The Vikings always train on Thursdays from 21:45 - 23:00. Unfortunately, all amateur teams in Freiburg have such off-peak times, as the ice rink is very busy.<br \/><\/span><\/h6><h6 class=\" translation-block\"><span lang=\"EN-UK\" style=\"color: #333333\">Unfortunately, the Vikings cannot offer a skating school, but anyone who has a little experience with skating or inline skating is <a style=\"color: #333333\" href=\"https:\/\/vikings-freiburg.de\/kontaktformular\/\" target=\"_self\">welcome<\/a> to join us at any time. <\/span><\/h6><h6 lang=\"DE-DE\"><span lang=\"DE-DE\"><span style=\"color: #333333;\">The Vikings Freiburg are not currently affiliated to any league, but regularly play friendly matches against teams from the Freiburg and Basel area.<\/span> <\/span><\/h6>\t\t\t\t\t\t<\/div>\n\t\t\t\t<\/div>\n\t\t\t\t<\/div>\n\t\t\t\t\t<\/div>\n\t\t\t\t<\/div>\n\t\t<div class=\"elementor-element elementor-element-fdb093d e-flex e-con-boxed e-con e-parent\" data-id=\"fdb093d\" data-element_type=\"container\">\n\t\t\t\t\t<div class=\"e-con-inner\">\n\t\t\t\t<div class=\"elementor-element elementor-element-1d8734a elementor-widget elementor-widget-spacer\" data-id=\"1d8734a\" data-element_type=\"widget\" data-widget_type=\"spacer.default\">\n\t\t\t\t<div class=\"elementor-widget-container\">\n\t\t\t\t\t<div class=\"elementor-spacer\">\n\t\t\t<div class=\"elementor-spacer-inner\"><\/div>\n\t\t<\/div>\n\t\t\t\t<\/div>\n\t\t\t\t<\/div>\n\t\t\t\t\t<\/div>\n\t\t\t\t<\/div>\n\t\t\t\t<\/div>","protected":false},"excerpt":{"rendered":"<p>Verein Die Eishockeymannschaft \u201eVikings Freiburg\u201c wurde im Jahr 1981 als Sparte des Hochschulsports der Albert-Ludwigs-Universit\u00e4t Freiburg i.Br. gegr\u00fcndet. Die \u201eVikings\u201c waren somit die \u00e4lteste Universit\u00e4ts Eishockeymannschaft in Deutschland. Seit 2015 sind die &#8222;Vikings&#8220; ein eingetragener Verein und hei\u00dfen seitdem Vikings Freiburg e.V. Nach wie vor besteht eine Kooperation mit dem Hochschulsport der Universit\u00e4t Freiburg. In [&hellip;]<\/p>","protected":false},"author":1,"featured_media":0,"parent":0,"menu_order":0,"comment_status":"closed","ping_status":"closed","template":"","meta":{"ocean_post_layout":"full-screen","ocean_both_sidebars_style":"","ocean_both_sidebars_content_width":0,"ocean_both_sidebars_sidebars_width":0,"ocean_sidebar":"0","ocean_second_sidebar":"0","ocean_disable_margins":"enable","ocean_add_body_class":"","ocean_shortcode_before_top_bar":"","ocean_shortcode_after_top_bar":"","ocean_shortcode_before_header":"","ocean_shortcode_after_header":"","ocean_has_shortcode":"","ocean_shortcode_after_title":"","ocean_shortcode_before_footer_widgets":"","ocean_shortcode_after_footer_widgets":"","ocean_shortcode_before_footer_bottom":"","ocean_shortcode_after_footer_bottom":"","ocean_display_top_bar":"off","ocean_display_header":"default","ocean_header_style":"","ocean_center_header_left_menu":"0","ocean_custom_header_template":"0","ocean_custom_logo":0,"ocean_custom_retina_logo":0,"ocean_custom_logo_max_width":0,"ocean_custom_logo_tablet_max_width":0,"ocean_custom_logo_mobile_max_width":0,"ocean_custom_logo_max_height":0,"ocean_custom_logo_tablet_max_height":0,"ocean_custom_logo_mobile_max_height":0,"ocean_header_custom_menu":"0","ocean_menu_typo_font_family":"0","ocean_menu_typo_font_subset":"","ocean_menu_typo_font_size":0,"ocean_menu_typo_font_size_tablet":0,"ocean_menu_typo_font_size_mobile":0,"ocean_menu_typo_font_size_unit":"px","ocean_menu_typo_font_weight":"","ocean_menu_typo_font_weight_tablet":"","ocean_menu_typo_font_weight_mobile":"","ocean_menu_typo_transform":"","ocean_menu_typo_transform_tablet":"","ocean_menu_typo_transform_mobile":"","ocean_menu_typo_line_height":0,"ocean_menu_typo_line_height_tablet":0,"ocean_menu_typo_line_height_mobile":0,"ocean_menu_typo_line_height_unit":"","ocean_menu_typo_spacing":0,"ocean_menu_typo_spacing_tablet":0,"ocean_menu_typo_spacing_mobile":0,"ocean_menu_typo_spacing_unit":"","ocean_menu_link_color":"","ocean_menu_link_color_hover":"","ocean_menu_link_color_active":"","ocean_menu_link_background":"","ocean_menu_link_hover_background":"","ocean_menu_link_active_background":"","ocean_menu_social_links_bg":"","ocean_menu_social_hover_links_bg":"","ocean_menu_social_links_color":"","ocean_menu_social_hover_links_color":"","ocean_disable_title":"on","ocean_disable_heading":"default","ocean_post_title":"","ocean_post_subheading":"","ocean_post_title_style":"","ocean_post_title_background_color":"","ocean_post_title_background":0,"ocean_post_title_bg_image_position":"","ocean_post_title_bg_image_attachment":"","ocean_post_title_bg_image_repeat":"","ocean_post_title_bg_image_size":"","ocean_post_title_height":0,"ocean_post_title_bg_overlay":0.5,"ocean_post_title_bg_overlay_color":"","ocean_disable_breadcrumbs":"default","ocean_breadcrumbs_color":"","ocean_breadcrumbs_separator_color":"","ocean_breadcrumbs_links_color":"","ocean_breadcrumbs_links_hover_color":"","ocean_display_footer_widgets":"off","ocean_display_footer_bottom":"off","ocean_custom_footer_template":"0","footnotes":""},"class_list":["post-36","page","type-page","status-publish","hentry","entry"],"_links":{"self":[{"href":"https:\/\/vikings-freiburg.de\/en\/wp-json\/wp\/v2\/pages\/36"}],"collection":[{"href":"https:\/\/vikings-freiburg.de\/en\/wp-json\/wp\/v2\/pages"}],"about":[{"href":"https:\/\/vikings-freiburg.de\/en\/wp-json\/wp\/v2\/types\/page"}],"author":[{"embeddable":true,"href":"https:\/\/vikings-freiburg.de\/en\/wp-json\/wp\/v2\/users\/1"}],"replies":[{"embeddable":true,"href":"https:\/\/vikings-freiburg.de\/en\/wp-json\/wp\/v2\/comments?post=36"}],"version-history":[{"count":91,"href":"https:\/\/vikings-freiburg.de\/en\/wp-json\/wp\/v2\/pages\/36\/revisions"}],"predecessor-version":[{"id":1711,"href":"https:\/\/vikings-freiburg.de\/en\/wp-json\/wp\/v2\/pages\/36\/revisions\/1711"}],"wp:attachment":[{"href":"https:\/\/vikings-freiburg.de\/en\/wp-json\/wp\/v2\/media?parent=36"}],"curies":[{"name":"wp","href":"https:\/\/api.w.org\/{rel}","templated":true}]}}